{"id":2,"date":"2022-11-27T22:43:21","date_gmt":"2022-11-27T21:43:21","guid":{"rendered":"http:\/\/coutellerie-gf.fr\/?page_id=2"},"modified":"2025-11-18T09:15:10","modified_gmt":"2025-11-18T08:15:10","slug":"page-d-exemple","status":"publish","type":"page","link":"https:\/\/coutellerie-gf.fr\/","title":{"rendered":"Accueil"},"content":{"rendered":"\n<h2 class=\"wp-block-heading has-text-align-center\">Une Passion avant tout&#8230;<\/h2>\n\n\n\n<p class=\"has-text-align-left has-ast-global-color-6-color has-text-color has-link-color has-medium-font-size wp-elements-68f9f5076676a8556209a4a639fe29ad\"><strong>Actualit\u00e9<\/strong>:<\/p>\n\n\n\n<h3 class=\"wp-block-heading has-text-align-left\">Les derni\u00e8res cr\u00e9ations, n&#8217;h\u00e9sitez pas \u00e0 me contacter pour la disponibilit\u00e9<\/h3>\n\n\n\n<div class=\"wp-block-columns is-layout-flex wp-container-core-columns-is-layout-28f84493 wp-block-columns-is-layout-flex\">\n<div class=\"wp-block-column is-layout-flow wp-block-column-is-layout-flow\" style=\"flex-basis:100%\">\n<div class=\"wp-block-group is-content-justification-left is-layout-constrained wp-container-core-group-is-layout-12dd3699 wp-block-group-is-layout-constrained\">\n<div class=\"wp-block-jetpack-slideshow aligncenter\" data-effect=\"slide\" style=\"--aspect-ratio:calc(1156 \/ 868)\"><div class=\"wp-block-jetpack-slideshow_container swiper\"><ul class=\"wp-block-jetpack-slideshow_swiper-wrapper swiper-wrapper\"><li class=\"wp-block-jetpack-slideshow_slide swiper-slide\"><figure><img loading=\"lazy\" decoding=\"async\" width=\"1156\" height=\"868\" alt=\"\" class=\"wp-block-jetpack-slideshow_image wp-image-5967\" data-id=\"5967\" data-aspect-ratio=\"1156 \/ 868\" src=\"https:\/\/coutellerie-gf.fr\/wp-content\/uploads\/2025\/10\/IMG_20251016_180521-1.jpg\" srcset=\"https:\/\/coutellerie-gf.fr\/wp-content\/uploads\/2025\/10\/IMG_20251016_180521-1.jpg 1156w, https:\/\/coutellerie-gf.fr\/wp-content\/uploads\/2025\/10\/IMG_20251016_180521-1-300x225.jpg 300w, https:\/\/coutellerie-gf.fr\/wp-content\/uploads\/2025\/10\/IMG_20251016_180521-1-1024x769.jpg 1024w, https:\/\/coutellerie-gf.fr\/wp-content\/uploads\/2025\/10\/IMG_20251016_180521-1-768x577.jpg 768w, https:\/\/coutellerie-gf.fr\/wp-content\/uploads\/2025\/10\/IMG_20251016_180521-1-600x451.jpg 600w\" sizes=\"(max-width: 1156px) 100vw, 1156px\" \/><\/figure><\/li><li class=\"wp-block-jetpack-slideshow_slide swiper-slide\"><figure><img loading=\"lazy\" decoding=\"async\" width=\"1156\" height=\"868\" alt=\"\" class=\"wp-block-jetpack-slideshow_image wp-image-5968\" data-id=\"5968\" data-aspect-ratio=\"1156 \/ 868\" src=\"https:\/\/coutellerie-gf.fr\/wp-content\/uploads\/2025\/10\/IMG_20251023_180920-1.jpg\" srcset=\"https:\/\/coutellerie-gf.fr\/wp-content\/uploads\/2025\/10\/IMG_20251023_180920-1.jpg 1156w, https:\/\/coutellerie-gf.fr\/wp-content\/uploads\/2025\/10\/IMG_20251023_180920-1-300x225.jpg 300w, https:\/\/coutellerie-gf.fr\/wp-content\/uploads\/2025\/10\/IMG_20251023_180920-1-1024x769.jpg 1024w, https:\/\/coutellerie-gf.fr\/wp-content\/uploads\/2025\/10\/IMG_20251023_180920-1-768x577.jpg 768w, https:\/\/coutellerie-gf.fr\/wp-content\/uploads\/2025\/10\/IMG_20251023_180920-1-600x451.jpg 600w\" sizes=\"(max-width: 1156px) 100vw, 1156px\" \/><\/figure><\/li><li class=\"wp-block-jetpack-slideshow_slide swiper-slide\"><figure><img loading=\"lazy\" decoding=\"async\" width=\"1024\" height=\"768\" alt=\"\" class=\"wp-block-jetpack-slideshow_image wp-image-5969\" data-id=\"5969\" data-aspect-ratio=\"1024 \/ 768\" src=\"https:\/\/coutellerie-gf.fr\/wp-content\/uploads\/2025\/10\/Messenger_creation_8499DEC8-A63E-4326-BC53-2DC7B0DDE158.jpeg\" srcset=\"https:\/\/coutellerie-gf.fr\/wp-content\/uploads\/2025\/10\/Messenger_creation_8499DEC8-A63E-4326-BC53-2DC7B0DDE158.jpeg 1024w, https:\/\/coutellerie-gf.fr\/wp-content\/uploads\/2025\/10\/Messenger_creation_8499DEC8-A63E-4326-BC53-2DC7B0DDE158-300x225.jpeg 300w, https:\/\/coutellerie-gf.fr\/wp-content\/uploads\/2025\/10\/Messenger_creation_8499DEC8-A63E-4326-BC53-2DC7B0DDE158-768x576.jpeg 768w, https:\/\/coutellerie-gf.fr\/wp-content\/uploads\/2025\/10\/Messenger_creation_8499DEC8-A63E-4326-BC53-2DC7B0DDE158-600x450.jpeg 600w\" sizes=\"(max-width: 1024px) 100vw, 1024px\" \/><\/figure><\/li><\/ul><a class=\"wp-block-jetpack-slideshow_button-prev swiper-button-prev swiper-button-white\" role=\"button\"><\/a><a class=\"wp-block-jetpack-slideshow_button-next swiper-button-next swiper-button-white\" role=\"button\"><\/a><a aria-label=\"Pause Slideshow\" class=\"wp-block-jetpack-slideshow_button-pause\" role=\"button\"><\/a><div class=\"wp-block-jetpack-slideshow_pagination swiper-pagination swiper-pagination-white\"><\/div><\/div><\/div>\n\n\n\n<p><strong>Les petites lancettes \u00e0 huitres sont de retour pour les f\u00eates <\/strong><\/p>\n\n\n\n<figure class=\"wp-block-gallery has-nested-images columns-default is-cropped wp-block-gallery-1 is-layout-flex wp-block-gallery-is-layout-flex\">\n<figure class=\"wp-block-image size-large\"><img loading=\"lazy\" decoding=\"async\" width=\"1024\" height=\"769\" data-id=\"5979\" src=\"https:\/\/coutellerie-gf.fr\/wp-content\/uploads\/2025\/11\/IMG_20251117_185837-1-1024x769.jpg\" alt=\"\" class=\"wp-image-5979\" srcset=\"https:\/\/coutellerie-gf.fr\/wp-content\/uploads\/2025\/11\/IMG_20251117_185837-1-1024x769.jpg 1024w, https:\/\/coutellerie-gf.fr\/wp-content\/uploads\/2025\/11\/IMG_20251117_185837-1-300x225.jpg 300w, https:\/\/coutellerie-gf.fr\/wp-content\/uploads\/2025\/11\/IMG_20251117_185837-1-768x577.jpg 768w, https:\/\/coutellerie-gf.fr\/wp-content\/uploads\/2025\/11\/IMG_20251117_185837-1-600x451.jpg 600w, https:\/\/coutellerie-gf.fr\/wp-content\/uploads\/2025\/11\/IMG_20251117_185837-1.jpg 1156w\" sizes=\"auto, (max-width: 1024px) 100vw, 1024px\" \/><\/figure>\n<\/figure>\n<\/div>\n<\/div>\n<\/div>\n\n\n\n<p><\/p>\n\n\n\n<p><\/p>\n\n\n\n<p class=\"has-text-align-left has-ast-global-color-6-color has-text-color has-link-color wp-elements-3920d175d1da26a2159dd2ba7bf58f5b\">J&#8217;ai le plaisir d&#8217;\u00eatre pr\u00e9sent avec quelques belles pi\u00e8ces de liner lock dans la merveilleuse boutique qui est la <a href=\"https:\/\/www.google.com\/url?sa=t&amp;source=web&amp;rct=j&amp;opi=89978449&amp;url=https:\/\/www.guingamp-paimpol.com\/je-prepare-mon-sejour\/a-flaner-en-ville\/artistes-et-artisans-d-art\/quincaillerie-coutellerie-jezequel-359701&amp;ved=2ahUKEwiW4_yA3v6JAxXHUKQEHQyFJiwQFnoECEcQAQ&amp;usg=AOvVaw25Aqsvcbun8zELe2dBGVGH\">Quincaillerie Coutellerie Jez\u00e9quel<\/a> \u00e0 Paimpol. N&#8217;h\u00e9sitez pas \u00e0 y venir fureter pour y trouver votre couteau.<\/p>\n\n\n\n<figure class=\"wp-block-image aligncenter size-full is-resized\"><img loading=\"lazy\" decoding=\"async\" width=\"200\" height=\"200\" src=\"https:\/\/coutellerie-gf.fr\/wp-content\/uploads\/2024\/11\/5dc2d6ea8500006c1ccc7de2-1.jpg\" alt=\"\" class=\"wp-image-5931\" style=\"width:330px;height:auto\" srcset=\"https:\/\/coutellerie-gf.fr\/wp-content\/uploads\/2024\/11\/5dc2d6ea8500006c1ccc7de2-1.jpg 200w, https:\/\/coutellerie-gf.fr\/wp-content\/uploads\/2024\/11\/5dc2d6ea8500006c1ccc7de2-1-150x150.jpg 150w, https:\/\/coutellerie-gf.fr\/wp-content\/uploads\/2024\/11\/5dc2d6ea8500006c1ccc7de2-1-100x100.jpg 100w\" sizes=\"auto, (max-width: 200px) 100vw, 200px\" \/><\/figure>\n\n\n\n<p class=\"has-text-align-left has-ast-global-color-6-color has-text-color has-link-color wp-elements-e348c17c6b9ff61620b49b0655837ff7\">Un grand merci pour ce belle article dans le T\u00e9l\u00e9gramme<\/p>\n\n\n\n<figure class=\"wp-block-image aligncenter size-large\"><img loading=\"lazy\" decoding=\"async\" width=\"1024\" height=\"724\" src=\"https:\/\/coutellerie-gf.fr\/wp-content\/uploads\/2024\/11\/465067227_9177264318951504_7926113859490967903_n-1024x724.jpg\" alt=\"\" class=\"wp-image-5937\" srcset=\"https:\/\/coutellerie-gf.fr\/wp-content\/uploads\/2024\/11\/465067227_9177264318951504_7926113859490967903_n-1024x724.jpg 1024w, https:\/\/coutellerie-gf.fr\/wp-content\/uploads\/2024\/11\/465067227_9177264318951504_7926113859490967903_n-300x212.jpg 300w, https:\/\/coutellerie-gf.fr\/wp-content\/uploads\/2024\/11\/465067227_9177264318951504_7926113859490967903_n-768x543.jpg 768w, https:\/\/coutellerie-gf.fr\/wp-content\/uploads\/2024\/11\/465067227_9177264318951504_7926113859490967903_n-600x424.jpg 600w, https:\/\/coutellerie-gf.fr\/wp-content\/uploads\/2024\/11\/465067227_9177264318951504_7926113859490967903_n.jpg 1080w\" sizes=\"auto, (max-width: 1024px) 100vw, 1024px\" \/><\/figure>\n\n\n\n<p class=\"has-ast-global-color-6-color has-text-color has-link-color has-medium-font-size wp-elements-fa53009685315ba465b230cb8242f354\"><strong>Mon histoire<\/strong>:<\/p>\n\n\n\n<p class=\"has-text-align-center has-ast-global-color-6-color has-text-color has-link-color wp-elements-d0d8efdb50c2c4cbf098aa84199bc580\"><strong>J&#8217;ai toujours aim\u00e9 les couteaux, une passion transmise sans doute par un p\u00e8re collectionneur de petits couteaux de poche. Sur une envie en 2020 j&#8217;ai d\u00e9cid\u00e9 de faire mon premier couteau. Le virus m&#8217;a pris et je n&#8217;ai plus l\u00e2ch\u00e9  la forge et mes outils pour imaginer de nouvelles pi\u00e8ces et me perfectionner dans l&#8217;art de faire des couteaux. <\/strong><\/p>\n\n\n\n<figure class=\"wp-block-image aligncenter size-large is-resized\"><img loading=\"lazy\" decoding=\"async\" width=\"1024\" height=\"768\" src=\"https:\/\/coutellerie-gf.fr\/wp-content\/uploads\/2023\/12\/PA294120-1-1024x768.jpeg\" alt=\"\" class=\"wp-image-748\" style=\"width:403px;height:auto\" srcset=\"https:\/\/coutellerie-gf.fr\/wp-content\/uploads\/2023\/12\/PA294120-1-1024x768.jpeg 1024w, https:\/\/coutellerie-gf.fr\/wp-content\/uploads\/2023\/12\/PA294120-1-scaled-600x450.jpeg 600w, https:\/\/coutellerie-gf.fr\/wp-content\/uploads\/2023\/12\/PA294120-1-300x225.jpeg 300w, https:\/\/coutellerie-gf.fr\/wp-content\/uploads\/2023\/12\/PA294120-1-768x576.jpeg 768w, https:\/\/coutellerie-gf.fr\/wp-content\/uploads\/2023\/12\/PA294120-1-1536x1152.jpeg 1536w, https:\/\/coutellerie-gf.fr\/wp-content\/uploads\/2023\/12\/PA294120-1-2048x1536.jpeg 2048w\" sizes=\"auto, (max-width: 1024px) 100vw, 1024px\" \/><\/figure>\n\n\n\n<p class=\"has-ast-global-color-6-color has-text-color has-link-color wp-elements-68a3836d4cb34b351ec0f76f36fbb29f\"><strong>Chaque couteau est unique, il s&#8217;agit bien d&#8217;artisanat, de longues heures de travail, des \u00e9checs et des joies. Tous mes couteaux sont en acier carbone ou inox choisi avec soin. Mon inspiration \u00e9mane de mes balades, de ma r\u00e9gion des C\u00f4tes d\u2019Armor, terre de contraste, de beaut\u00e9 pure et douce ou dure et violente au gr\u00e8s de la m\u00e9t\u00e9o qui colore les paysages entre terre et mer.<\/strong><\/p>\n\n\n\n<figure class=\"wp-block-image aligncenter size-large is-resized\"><img loading=\"lazy\" decoding=\"async\" width=\"1024\" height=\"928\" src=\"https:\/\/coutellerie-gf.fr\/wp-content\/uploads\/2024\/01\/DSC_2187-1024x928.jpg\" alt=\"\" class=\"wp-image-759\" style=\"width:396px;height:auto\" srcset=\"https:\/\/coutellerie-gf.fr\/wp-content\/uploads\/2024\/01\/DSC_2187-1024x928.jpg 1024w, https:\/\/coutellerie-gf.fr\/wp-content\/uploads\/2024\/01\/DSC_2187-600x544.jpg 600w, https:\/\/coutellerie-gf.fr\/wp-content\/uploads\/2024\/01\/DSC_2187-300x272.jpg 300w, https:\/\/coutellerie-gf.fr\/wp-content\/uploads\/2024\/01\/DSC_2187-768x696.jpg 768w, https:\/\/coutellerie-gf.fr\/wp-content\/uploads\/2024\/01\/DSC_2187-1536x1393.jpg 1536w, https:\/\/coutellerie-gf.fr\/wp-content\/uploads\/2024\/01\/DSC_2187-2048x1857.jpg 2048w\" sizes=\"auto, (max-width: 1024px) 100vw, 1024px\" \/><\/figure>\n\n\n\n<h2 class=\"wp-block-heading\"><strong>Contact<\/strong><\/h2>\n\n\n\n<h4 class=\"wp-block-heading\">t\u00e9l\u00e9phone<\/h4>\n\n\n\n<p class=\"has-text-align-left\">06 82 93 87 33<\/p>\n\n\n\n<h4 class=\"wp-block-heading\">courriel<\/h4>\n\n\n\n<p><a href=\"mailto:guillaume.fraleu@orange.fr\">Guillaume.fraleu@orange.fr<\/a><\/p>\n\n\n\n<h4 class=\"wp-block-heading\">Adresse<\/h4>\n\n\n\n<p>1 bis route de tr\u00e9zeny 22450 Kermaria Sulard<\/p>\n\n\n\n<div id=\"wp-block-themeisle-blocks-button-group-a1d87299\" class=\"wp-block-themeisle-blocks-button-group wp-block-buttons\">\n<div id=\"wp-block-themeisle-blocks-button-4c378a53\" class=\"wp-block-themeisle-blocks-button wp-block-button\"><a href=\"https:\/\/coutellerie-gf.fr\/wp-content\/uploads\/2022\/12\/Mentions-Legales.pdf\" target=\"_self\" rel=\"noopener noreferrer\" class=\"wp-block-button__link\"><span>Mentions l\u00e9gales<\/span><\/a><\/div>\n<div id=\"wp-block-themeisle-blocks-button-1328c9ed\" class=\"wp-block-themeisle-blocks-button wp-block-button\"><a href=\"https:\/\/coutellerie-gf.fr\/wp-content\/uploads\/2022\/11\/POLITIQUE-DE-CONFIDENTIALITE-1.pdf\" target=\"_self\" rel=\"noopener noreferrer\" class=\"wp-block-button__link\"><span>Politique de confidentialit\u00e9<\/span><\/a><\/div>\n<div id=\"wp-block-themeisle-blocks-button-4d7aaad4\" class=\"wp-block-themeisle-blocks-button wp-block-button\"><a href=\"https:\/\/coutellerie-gf.fr\/wp-content\/uploads\/2022\/11\/CGV.pdf\" target=\"_self\" rel=\"noopener noreferrer\" class=\"wp-block-button__link\"><span>CGV<\/span><\/a><\/div>\n<\/div>\n\n\n\n<p><\/p>\n","protected":false},"excerpt":{"rendered":"<p>Une Passion avant tout&#8230; Actualit\u00e9: Les derni\u00e8res cr\u00e9ations, n&#8217;h\u00e9sitez pas \u00e0 me contacter pour la disponibilit\u00e9 Les petites lancettes \u00e0 huitres sont de retour pour les f\u00eates J&#8217;ai le plaisir d&#8217;\u00eatre pr\u00e9sent avec quelques belles pi\u00e8ces de liner lock dans la merveilleuse boutique qui est la Quincaillerie Coutellerie Jez\u00e9quel \u00e0 Paimpol. N&#8217;h\u00e9sitez pas \u00e0 y [&hellip;]<\/p>\n","protected":false},"author":1,"featured_media":759,"parent":0,"menu_order":0,"comment_status":"closed","ping_status":"open","template":"","meta":{"site-sidebar-layout":"right-sidebar","site-content-layout":"","ast-site-content-layout":"full-width-container","site-content-style":"default","site-sidebar-style":"default","ast-global-header-display":"","ast-banner-title-visibility":"","ast-main-header-display":"","ast-hfb-above-header-display":"","ast-hfb-below-header-display":"","ast-hfb-mobile-header-display":"","site-post-title":"","ast-breadcrumbs-content":"","ast-featured-img":"","footer-sml-layout":"","ast-disable-related-posts":"","theme-transparent-header-meta":"","adv-header-id-meta":"","stick-header-meta":"","header-above-stick-meta":"","header-main-stick-meta":"","header-below-stick-meta":"","astra-migrate-meta-layouts":"set","ast-page-background-enabled":"default","ast-page-background-meta":{"desktop":{"background-color":"","background-image":"","background-repeat":"repeat","background-position":"center center","background-size":"auto","background-attachment":"scroll","background-type":"","background-media":"","overlay-type":"","overlay-color":"","overlay-opacity":"","overlay-gradient":""},"tablet":{"background-color":"","background-image":"","background-repeat":"repeat","background-position":"center center","background-size":"auto","background-attachment":"scroll","background-type":"","background-media":"","overlay-type":"","overlay-color":"","overlay-opacity":"","overlay-gradient":""},"mobile":{"background-color":"","background-image":"","background-repeat":"repeat","background-position":"center center","background-size":"auto","background-attachment":"scroll","background-type":"","background-media":"","overlay-type":"","overlay-color":"","overlay-opacity":"","overlay-gradient":""}},"ast-content-background-meta":{"desktop":{"background-color":"var(--ast-global-color-5)","background-image":"","background-repeat":"repeat","background-position":"center center","background-size":"auto","background-attachment":"scroll","background-type":"","background-media":"","overlay-type":"","overlay-color":"","overlay-opacity":"","overlay-gradient":""},"tablet":{"background-color":"var(--ast-global-color-5)","background-image":"","background-repeat":"repeat","background-position":"center center","background-size":"auto","background-attachment":"scroll","background-type":"","background-media":"","overlay-type":"","overlay-color":"","overlay-opacity":"","overlay-gradient":""},"mobile":{"background-color":"var(--ast-global-color-5)","background-image":"","background-repeat":"repeat","background-position":"center center","background-size":"auto","background-attachment":"scroll","background-type":"","background-media":"","overlay-type":"","overlay-color":"","overlay-opacity":"","overlay-gradient":""}},"footnotes":""},"class_list":["post-2","page","type-page","status-publish","has-post-thumbnail","hentry"],"yoast_head":"<!-- This site is optimized with the Yoast SEO plugin v27.3 - https:\/\/yoast.com\/product\/yoast-seo-wordpress\/ -->\n<title>Accueil - Coutellerie GF<\/title>\n<meta name=\"description\" content=\"Coutellerie vente couteau art artisanat forge m\u00e9tal liner lock breton damas pliant fixe lame m\u00e9tal forge\" \/>\n<meta name=\"robots\" content=\"index, follow, max-snippet:-1, max-image-preview:large, max-video-preview:-1\" \/>\n<link rel=\"canonical\" href=\"https:\/\/coutellerie-gf.fr\/\" \/>\n<meta name=\"twitter:card\" content=\"summary_large_image\" \/>\n<meta name=\"twitter:title\" content=\"Accueil - Coutellerie GF\" \/>\n<meta name=\"twitter:description\" content=\"Coutellerie vente couteau art artisanat forge m\u00e9tal liner lock breton damas pliant fixe lame m\u00e9tal forge\" \/>\n<meta name=\"twitter:image\" content=\"https:\/\/coutellerie-gf.fr\/wp-content\/uploads\/2024\/01\/DSC_2187.jpg\" \/>\n<meta name=\"twitter:label1\" content=\"Dur\u00e9e de lecture estim\u00e9e\" \/>\n\t<meta name=\"twitter:data1\" content=\"3 minutes\" \/>\n<script type=\"application\/ld+json\" class=\"yoast-schema-graph\">{\"@context\":\"https:\\\/\\\/schema.org\",\"@graph\":[{\"@type\":\"WebPage\",\"@id\":\"https:\\\/\\\/coutellerie-gf.fr\\\/\",\"url\":\"https:\\\/\\\/coutellerie-gf.fr\\\/\",\"name\":\"Accueil - Coutellerie GF\",\"isPartOf\":{\"@id\":\"https:\\\/\\\/coutellerie-gf.fr\\\/#website\"},\"primaryImageOfPage\":{\"@id\":\"https:\\\/\\\/coutellerie-gf.fr\\\/#primaryimage\"},\"image\":{\"@id\":\"https:\\\/\\\/coutellerie-gf.fr\\\/#primaryimage\"},\"thumbnailUrl\":\"https:\\\/\\\/coutellerie-gf.fr\\\/wp-content\\\/uploads\\\/2024\\\/01\\\/DSC_2187.jpg\",\"datePublished\":\"2022-11-27T21:43:21+00:00\",\"dateModified\":\"2025-11-18T08:15:10+00:00\",\"description\":\"Coutellerie vente couteau art artisanat forge m\u00e9tal liner lock breton damas pliant fixe lame m\u00e9tal forge\",\"breadcrumb\":{\"@id\":\"https:\\\/\\\/coutellerie-gf.fr\\\/#breadcrumb\"},\"inLanguage\":\"fr-FR\",\"potentialAction\":[{\"@type\":\"ReadAction\",\"target\":[\"https:\\\/\\\/coutellerie-gf.fr\\\/\"]}]},{\"@type\":\"ImageObject\",\"inLanguage\":\"fr-FR\",\"@id\":\"https:\\\/\\\/coutellerie-gf.fr\\\/#primaryimage\",\"url\":\"https:\\\/\\\/coutellerie-gf.fr\\\/wp-content\\\/uploads\\\/2024\\\/01\\\/DSC_2187.jpg\",\"contentUrl\":\"https:\\\/\\\/coutellerie-gf.fr\\\/wp-content\\\/uploads\\\/2024\\\/01\\\/DSC_2187.jpg\",\"width\":2122,\"height\":1924},{\"@type\":\"BreadcrumbList\",\"@id\":\"https:\\\/\\\/coutellerie-gf.fr\\\/#breadcrumb\",\"itemListElement\":[{\"@type\":\"ListItem\",\"position\":1,\"name\":\"Accueil\",\"item\":\"https:\\\/\\\/coutellerie-gf.fr\\\/\"},{\"@type\":\"ListItem\",\"position\":2,\"name\":\"Accueil\"}]},{\"@type\":\"WebSite\",\"@id\":\"https:\\\/\\\/coutellerie-gf.fr\\\/#website\",\"url\":\"https:\\\/\\\/coutellerie-gf.fr\\\/\",\"name\":\"Coutellerie GF\",\"description\":\"Une passion, un art.\",\"publisher\":{\"@id\":\"https:\\\/\\\/coutellerie-gf.fr\\\/#\\\/schema\\\/person\\\/40a403d38c280070e84efcfbcd82b920\"},\"potentialAction\":[{\"@type\":\"SearchAction\",\"target\":{\"@type\":\"EntryPoint\",\"urlTemplate\":\"https:\\\/\\\/coutellerie-gf.fr\\\/?s={search_term_string}\"},\"query-input\":{\"@type\":\"PropertyValueSpecification\",\"valueRequired\":true,\"valueName\":\"search_term_string\"}}],\"inLanguage\":\"fr-FR\"},{\"@type\":[\"Person\",\"Organization\"],\"@id\":\"https:\\\/\\\/coutellerie-gf.fr\\\/#\\\/schema\\\/person\\\/40a403d38c280070e84efcfbcd82b920\",\"name\":\"admin9981\",\"image\":{\"@type\":\"ImageObject\",\"inLanguage\":\"fr-FR\",\"@id\":\"https:\\\/\\\/coutellerie-gf.fr\\\/wp-content\\\/uploads\\\/2022\\\/11\\\/cropped-cropped-titre.jpg\",\"url\":\"https:\\\/\\\/coutellerie-gf.fr\\\/wp-content\\\/uploads\\\/2022\\\/11\\\/cropped-cropped-titre.jpg\",\"contentUrl\":\"https:\\\/\\\/coutellerie-gf.fr\\\/wp-content\\\/uploads\\\/2022\\\/11\\\/cropped-cropped-titre.jpg\",\"width\":2000,\"height\":344,\"caption\":\"admin9981\"},\"logo\":{\"@id\":\"https:\\\/\\\/coutellerie-gf.fr\\\/wp-content\\\/uploads\\\/2022\\\/11\\\/cropped-cropped-titre.jpg\"},\"sameAs\":[\"http:\\\/\\\/coutellerie-gf.fr\",\"https:\\\/\\\/www.facebook.com\\\/profile.php?id=100088180543665\"]}]}<\/script>\n<!-- \/ Yoast SEO plugin. -->","yoast_head_json":{"title":"Accueil - Coutellerie GF","description":"Coutellerie vente couteau art artisanat forge m\u00e9tal liner lock breton damas pliant fixe lame m\u00e9tal forge","robots":{"index":"index","follow":"follow","max-snippet":"max-snippet:-1","max-image-preview":"max-image-preview:large","max-video-preview":"max-video-preview:-1"},"canonical":"https:\/\/coutellerie-gf.fr\/","twitter_card":"summary_large_image","twitter_title":"Accueil - Coutellerie GF","twitter_description":"Coutellerie vente couteau art artisanat forge m\u00e9tal liner lock breton damas pliant fixe lame m\u00e9tal forge","twitter_image":"https:\/\/coutellerie-gf.fr\/wp-content\/uploads\/2024\/01\/DSC_2187.jpg","twitter_misc":{"Dur\u00e9e de lecture estim\u00e9e":"3 minutes"},"schema":{"@context":"https:\/\/schema.org","@graph":[{"@type":"WebPage","@id":"https:\/\/coutellerie-gf.fr\/","url":"https:\/\/coutellerie-gf.fr\/","name":"Accueil - Coutellerie GF","isPartOf":{"@id":"https:\/\/coutellerie-gf.fr\/#website"},"primaryImageOfPage":{"@id":"https:\/\/coutellerie-gf.fr\/#primaryimage"},"image":{"@id":"https:\/\/coutellerie-gf.fr\/#primaryimage"},"thumbnailUrl":"https:\/\/coutellerie-gf.fr\/wp-content\/uploads\/2024\/01\/DSC_2187.jpg","datePublished":"2022-11-27T21:43:21+00:00","dateModified":"2025-11-18T08:15:10+00:00","description":"Coutellerie vente couteau art artisanat forge m\u00e9tal liner lock breton damas pliant fixe lame m\u00e9tal forge","breadcrumb":{"@id":"https:\/\/coutellerie-gf.fr\/#breadcrumb"},"inLanguage":"fr-FR","potentialAction":[{"@type":"ReadAction","target":["https:\/\/coutellerie-gf.fr\/"]}]},{"@type":"ImageObject","inLanguage":"fr-FR","@id":"https:\/\/coutellerie-gf.fr\/#primaryimage","url":"https:\/\/coutellerie-gf.fr\/wp-content\/uploads\/2024\/01\/DSC_2187.jpg","contentUrl":"https:\/\/coutellerie-gf.fr\/wp-content\/uploads\/2024\/01\/DSC_2187.jpg","width":2122,"height":1924},{"@type":"BreadcrumbList","@id":"https:\/\/coutellerie-gf.fr\/#breadcrumb","itemListElement":[{"@type":"ListItem","position":1,"name":"Accueil","item":"https:\/\/coutellerie-gf.fr\/"},{"@type":"ListItem","position":2,"name":"Accueil"}]},{"@type":"WebSite","@id":"https:\/\/coutellerie-gf.fr\/#website","url":"https:\/\/coutellerie-gf.fr\/","name":"Coutellerie GF","description":"Une passion, un art.","publisher":{"@id":"https:\/\/coutellerie-gf.fr\/#\/schema\/person\/40a403d38c280070e84efcfbcd82b920"},"potentialAction":[{"@type":"SearchAction","target":{"@type":"EntryPoint","urlTemplate":"https:\/\/coutellerie-gf.fr\/?s={search_term_string}"},"query-input":{"@type":"PropertyValueSpecification","valueRequired":true,"valueName":"search_term_string"}}],"inLanguage":"fr-FR"},{"@type":["Person","Organization"],"@id":"https:\/\/coutellerie-gf.fr\/#\/schema\/person\/40a403d38c280070e84efcfbcd82b920","name":"admin9981","image":{"@type":"ImageObject","inLanguage":"fr-FR","@id":"https:\/\/coutellerie-gf.fr\/wp-content\/uploads\/2022\/11\/cropped-cropped-titre.jpg","url":"https:\/\/coutellerie-gf.fr\/wp-content\/uploads\/2022\/11\/cropped-cropped-titre.jpg","contentUrl":"https:\/\/coutellerie-gf.fr\/wp-content\/uploads\/2022\/11\/cropped-cropped-titre.jpg","width":2000,"height":344,"caption":"admin9981"},"logo":{"@id":"https:\/\/coutellerie-gf.fr\/wp-content\/uploads\/2022\/11\/cropped-cropped-titre.jpg"},"sameAs":["http:\/\/coutellerie-gf.fr","https:\/\/www.facebook.com\/profile.php?id=100088180543665"]}]}},"jetpack_sharing_enabled":true,"_links":{"self":[{"href":"https:\/\/coutellerie-gf.fr\/index.php?rest_route=\/wp\/v2\/pages\/2","targetHints":{"allow":["GET"]}}],"collection":[{"href":"https:\/\/coutellerie-gf.fr\/index.php?rest_route=\/wp\/v2\/pages"}],"about":[{"href":"https:\/\/coutellerie-gf.fr\/index.php?rest_route=\/wp\/v2\/types\/page"}],"author":[{"embeddable":true,"href":"https:\/\/coutellerie-gf.fr\/index.php?rest_route=\/wp\/v2\/users\/1"}],"replies":[{"embeddable":true,"href":"https:\/\/coutellerie-gf.fr\/index.php?rest_route=%2Fwp%2Fv2%2Fcomments&post=2"}],"version-history":[{"count":66,"href":"https:\/\/coutellerie-gf.fr\/index.php?rest_route=\/wp\/v2\/pages\/2\/revisions"}],"predecessor-version":[{"id":5983,"href":"https:\/\/coutellerie-gf.fr\/index.php?rest_route=\/wp\/v2\/pages\/2\/revisions\/5983"}],"wp:featuredmedia":[{"embeddable":true,"href":"https:\/\/coutellerie-gf.fr\/index.php?rest_route=\/wp\/v2\/media\/759"}],"wp:attachment":[{"href":"https:\/\/coutellerie-gf.fr\/index.php?rest_route=%2Fwp%2Fv2%2Fmedia&parent=2"}],"curies":[{"name":"wp","href":"https:\/\/api.w.org\/{rel}","templated":true}]}}