{"id":199,"date":"2024-02-06T14:33:09","date_gmt":"2024-02-06T13:33:09","guid":{"rendered":"https:\/\/coutellerie-gf.fr\/?page_id=199"},"modified":"2024-02-06T14:40:25","modified_gmt":"2024-02-06T13:40:25","slug":"remboursements_retours","status":"publish","type":"page","link":"https:\/\/coutellerie-gf.fr\/?page_id=199","title":{"rendered":"Politique en mati\u00e8re de remboursements et de retours"},"content":{"rendered":"\n<figure class=\"wp-block-table\"><table><tbody><tr><td>CONDITIONS G\u00c9N\u00c9RALES DE VENTES<\/td><\/tr><tr><td>Les pr\u00e9sentes conditions de vente d\u00e9finissent les relations contractuelles entre la coutellerie GF et l&#8217;acheteur. <br><br>La coutellerie GF se r\u00e9serve le droit de pouvoir modifier les conditions de vente \u00e0 tout moment. Dans ce cas, les conditions applicables seront celles en vigueur \u00e0 la date de la commande par l&#8217;acheteur.<br>Les articles pr\u00e9sent\u00e9s sur notre site Internet ont \u00e9t\u00e9 s\u00e9lectionn\u00e9s avec soin pour vous donner une id\u00e9e pr\u00e9cise de ce que nous sommes capables de r\u00e9aliser n\u00e9anmoins les photos ne sont pas contractuelles. <br>Les mati\u00e8res que nous travaillons sont souvent naturelles et il n&#8217;est pas possible de garantir que le bois ou la corne &#8211; par exemple &#8211; seront exactement de m\u00eame coloris ou dimension que ce que vous avez vu \u00e0 l&#8217;\u00e9cran. <br>N&#8217;h\u00e9sitez pas \u00e0 nous contacter si vous avez un souhait particulier.<br><br>Confirmation de commande :<br>Les syst\u00e8mes d&#8217;enregistrement automatique sont consid\u00e9r\u00e9s comme valant preuve de la nature, du contenu et de la date de la commande. <br>La coutellerie GF confirme l&#8217;acceptation de sa commande au client \u00e0 l&#8217;adresse mail que celui-ci aura communiqu\u00e9e. <br>La vente ne sera conclue qu&#8217;\u00e0 compter de la confirmation de la commande. <br>La coutellerie GF se r\u00e9serve le droit d&#8217;annuler toute commande d&#8217;un client avec lequel existerait un litige relatif au paiement d&#8217;une commande ant\u00e9rieure.<br>Les informations \u00e9nonc\u00e9es par l&#8217;acheteur, lors de la prise de commande engagent celui-ci; en cas d&#8217;erreur dans le libell\u00e9 des coordonn\u00e9es du destinataire, le vendeur ne saurait \u00eatre tenu responsable de l&#8217;impossibilit\u00e9 dans laquelle il se trouverait de livrer les produits.<br>Tarifs :<br>Le prix est exprim\u00e9 en euros, il est affich\u00e9 TTC (entreprise non assujetti \u00e0 la TVA).<br>Le prix indiqu\u00e9 sur les fiches produit ne comprend pas le transport (forfait de 10 euros TTC) <br>Le prix indiqu\u00e9 dans la confirmation de commande est le prix d\u00e9finitif, il comprend le prix des produits,les frais de manutention, d&#8217;emballage et de transport.<br><br>Garantie : <br>L&#8217;attention que nous portons \u00e0 notre fabrication nous permet de vous offrir une garantie \u00e0 vie contre tout vice de fabrication. Cette garantie ne concerne pas les pi\u00e8ces d&#8217;usure et s&#8217;applique pour un usage normal : Un couteau ne sert exclusivement qu&#8217;\u00e0 couper. Tout autre usage (tournevis, burin, ouvre bo\u00eete, etc..) sera consid\u00e9r\u00e9 comme abusif. La garantie s&#8217;entend d\u00e9part atelier. En cons\u00e9quence les frais aller-retour des marchandises et les risques inh\u00e9rents (perte, vol, casse) sont toujours \u00e0 la charge du client. Nous n&#8217;acceptons aucune livraison en contre remboursement, port d\u00fb ou avec quelque frais que ce soit \u00e0 r\u00e9gler. Dans votre int\u00e9r\u00eat, il vous appartient de prendre contact avec nous avant de nous retourner tout produit.Litiges :<br><br>Le pr\u00e9sent contrat est soumis \u00e0 la loi fran\u00e7aise. Bien que votre satisfaction soit l&#8217;une de nos priorit\u00e9s, en cas de litige le tribunal de la juridiction sera seul comp\u00e9tent. Nous restons \u00e0 votre disposition, vous pouvez nous contacter par courrier ou e-mail \u00e0 guillaume.fraleu@orange.frOptions de paiement :<br>Paiement s\u00e9curis\u00e9 par cartes bancaires. <br>Paiement paypal<br><br><a href=\"https:\/\/coutellerie-gf.fr\/wp-content\/uploads\/2022\/11\/POLITIQUE-DE-CONFIDENTIALITE-1.pdf\">Politique de confidentialit\u00e9<\/a><br><br><\/td><\/tr><\/tbody><\/table><\/figure>\n\n\n\n<p><\/p>\n","protected":false},"excerpt":{"rendered":"<p>CONDITIONS G\u00c9N\u00c9RALES DE VENTES Les pr\u00e9sentes conditions de vente d\u00e9finissent les relations contractuelles entre la coutellerie GF et l&#8217;acheteur. La coutellerie GF se r\u00e9serve le droit de pouvoir modifier les conditions de vente \u00e0 tout moment. Dans ce cas, les conditions applicables seront celles en vigueur \u00e0 la date de la commande par l&#8217;acheteur.Les articles [&hellip;]<\/p>\n","protected":false},"author":1,"featured_media":0,"parent":0,"menu_order":0,"comment_status":"closed","ping_status":"closed","template":"","meta":{"site-sidebar-layout":"default","site-content-layout":"","ast-site-content-layout":"default","site-content-style":"default","site-sidebar-style":"default","ast-global-header-display":"","ast-banner-title-visibility":"","ast-main-header-display":"","ast-hfb-above-header-display":"","ast-hfb-below-header-display":"","ast-hfb-mobile-header-display":"","site-post-title":"","ast-breadcrumbs-content":"","ast-featured-img":"","footer-sml-layout":"","ast-disable-related-posts":"","theme-transparent-header-meta":"","adv-header-id-meta":"","stick-header-meta":"","header-above-stick-meta":"","header-main-stick-meta":"","header-below-stick-meta":"","astra-migrate-meta-layouts":"default","ast-page-background-enabled":"default","ast-page-background-meta":{"desktop":{"background-color":"","background-image":"","background-repeat":"repeat","background-position":"center center","background-size":"auto","background-attachment":"scroll","background-type":"","background-media":"","overlay-type":"","overlay-color":"","overlay-opacity":"","overlay-gradient":""},"tablet":{"background-color":"","background-image":"","background-repeat":"repeat","background-position":"center center","background-size":"auto","background-attachment":"scroll","background-type":"","background-media":"","overlay-type":"","overlay-color":"","overlay-opacity":"","overlay-gradient":""},"mobile":{"background-color":"","background-image":"","background-repeat":"repeat","background-position":"center center","background-size":"auto","background-attachment":"scroll","background-type":"","background-media":"","overlay-type":"","overlay-color":"","overlay-opacity":"","overlay-gradient":""}},"ast-content-background-meta":{"desktop":{"background-color":"var(--ast-global-color-5)","background-image":"","background-repeat":"repeat","background-position":"center center","background-size":"auto","background-attachment":"scroll","background-type":"","background-media":"","overlay-type":"","overlay-color":"","overlay-opacity":"","overlay-gradient":""},"tablet":{"background-color":"var(--ast-global-color-5)","background-image":"","background-repeat":"repeat","background-position":"center center","background-size":"auto","background-attachment":"scroll","background-type":"","background-media":"","overlay-type":"","overlay-color":"","overlay-opacity":"","overlay-gradient":""},"mobile":{"background-color":"var(--ast-global-color-5)","background-image":"","background-repeat":"repeat","background-position":"center center","background-size":"auto","background-attachment":"scroll","background-type":"","background-media":"","overlay-type":"","overlay-color":"","overlay-opacity":"","overlay-gradient":""}},"footnotes":""},"class_list":["post-199","page","type-page","status-publish","hentry"],"yoast_head":"<!-- This site is optimized with the Yoast SEO plugin v27.3 - https:\/\/yoast.com\/product\/yoast-seo-wordpress\/ -->\n<title>Politique en mati\u00e8re de remboursements et de retours - Coutellerie GF<\/title>\n<meta name=\"robots\" content=\"index, follow, max-snippet:-1, max-image-preview:large, max-video-preview:-1\" \/>\n<link rel=\"canonical\" href=\"https:\/\/coutellerie-gf.fr\/?page_id=199\" \/>\n<meta name=\"twitter:card\" content=\"summary_large_image\" \/>\n<meta name=\"twitter:title\" content=\"Politique en mati\u00e8re de remboursements et de retours - Coutellerie GF\" \/>\n<meta name=\"twitter:description\" content=\"CONDITIONS G\u00c9N\u00c9RALES DE VENTES Les pr\u00e9sentes conditions de vente d\u00e9finissent les relations contractuelles entre la coutellerie GF et l&#8217;acheteur. La coutellerie GF se r\u00e9serve le droit de pouvoir modifier les conditions de vente \u00e0 tout moment. Dans ce cas, les conditions applicables seront celles en vigueur \u00e0 la date de la commande par l&#8217;acheteur.Les articles [&hellip;]\" \/>\n<meta name=\"twitter:label1\" content=\"Dur\u00e9e de lecture estim\u00e9e\" \/>\n\t<meta name=\"twitter:data1\" content=\"3 minutes\" \/>\n<script type=\"application\/ld+json\" class=\"yoast-schema-graph\">{\"@context\":\"https:\\\/\\\/schema.org\",\"@graph\":[{\"@type\":\"WebPage\",\"@id\":\"https:\\\/\\\/coutellerie-gf.fr\\\/?page_id=199\",\"url\":\"https:\\\/\\\/coutellerie-gf.fr\\\/?page_id=199\",\"name\":\"Politique en mati\u00e8re de remboursements et de retours - Coutellerie GF\",\"isPartOf\":{\"@id\":\"https:\\\/\\\/coutellerie-gf.fr\\\/#website\"},\"datePublished\":\"2024-02-06T13:33:09+00:00\",\"dateModified\":\"2024-02-06T13:40:25+00:00\",\"breadcrumb\":{\"@id\":\"https:\\\/\\\/coutellerie-gf.fr\\\/?page_id=199#breadcrumb\"},\"inLanguage\":\"fr-FR\",\"potentialAction\":[{\"@type\":\"ReadAction\",\"target\":[\"https:\\\/\\\/coutellerie-gf.fr\\\/?page_id=199\"]}]},{\"@type\":\"BreadcrumbList\",\"@id\":\"https:\\\/\\\/coutellerie-gf.fr\\\/?page_id=199#breadcrumb\",\"itemListElement\":[{\"@type\":\"ListItem\",\"position\":1,\"name\":\"Accueil\",\"item\":\"https:\\\/\\\/coutellerie-gf.fr\\\/\"},{\"@type\":\"ListItem\",\"position\":2,\"name\":\"Politique en mati\u00e8re de remboursements et de retours\"}]},{\"@type\":\"WebSite\",\"@id\":\"https:\\\/\\\/coutellerie-gf.fr\\\/#website\",\"url\":\"https:\\\/\\\/coutellerie-gf.fr\\\/\",\"name\":\"Coutellerie GF\",\"description\":\"Une passion, un art.\",\"publisher\":{\"@id\":\"https:\\\/\\\/coutellerie-gf.fr\\\/#\\\/schema\\\/person\\\/40a403d38c280070e84efcfbcd82b920\"},\"potentialAction\":[{\"@type\":\"SearchAction\",\"target\":{\"@type\":\"EntryPoint\",\"urlTemplate\":\"https:\\\/\\\/coutellerie-gf.fr\\\/?s={search_term_string}\"},\"query-input\":{\"@type\":\"PropertyValueSpecification\",\"valueRequired\":true,\"valueName\":\"search_term_string\"}}],\"inLanguage\":\"fr-FR\"},{\"@type\":[\"Person\",\"Organization\"],\"@id\":\"https:\\\/\\\/coutellerie-gf.fr\\\/#\\\/schema\\\/person\\\/40a403d38c280070e84efcfbcd82b920\",\"name\":\"admin9981\",\"image\":{\"@type\":\"ImageObject\",\"inLanguage\":\"fr-FR\",\"@id\":\"https:\\\/\\\/coutellerie-gf.fr\\\/wp-content\\\/uploads\\\/2022\\\/11\\\/cropped-cropped-titre.jpg\",\"url\":\"https:\\\/\\\/coutellerie-gf.fr\\\/wp-content\\\/uploads\\\/2022\\\/11\\\/cropped-cropped-titre.jpg\",\"contentUrl\":\"https:\\\/\\\/coutellerie-gf.fr\\\/wp-content\\\/uploads\\\/2022\\\/11\\\/cropped-cropped-titre.jpg\",\"width\":2000,\"height\":344,\"caption\":\"admin9981\"},\"logo\":{\"@id\":\"https:\\\/\\\/coutellerie-gf.fr\\\/wp-content\\\/uploads\\\/2022\\\/11\\\/cropped-cropped-titre.jpg\"},\"sameAs\":[\"http:\\\/\\\/coutellerie-gf.fr\",\"https:\\\/\\\/www.facebook.com\\\/profile.php?id=100088180543665\"]}]}<\/script>\n<!-- \/ Yoast SEO plugin. -->","yoast_head_json":{"title":"Politique en mati\u00e8re de remboursements et de retours - Coutellerie GF","robots":{"index":"index","follow":"follow","max-snippet":"max-snippet:-1","max-image-preview":"max-image-preview:large","max-video-preview":"max-video-preview:-1"},"canonical":"https:\/\/coutellerie-gf.fr\/?page_id=199","twitter_card":"summary_large_image","twitter_title":"Politique en mati\u00e8re de remboursements et de retours - Coutellerie GF","twitter_description":"CONDITIONS G\u00c9N\u00c9RALES DE VENTES Les pr\u00e9sentes conditions de vente d\u00e9finissent les relations contractuelles entre la coutellerie GF et l&#8217;acheteur. La coutellerie GF se r\u00e9serve le droit de pouvoir modifier les conditions de vente \u00e0 tout moment. Dans ce cas, les conditions applicables seront celles en vigueur \u00e0 la date de la commande par l&#8217;acheteur.Les articles [&hellip;]","twitter_misc":{"Dur\u00e9e de lecture estim\u00e9e":"3 minutes"},"schema":{"@context":"https:\/\/schema.org","@graph":[{"@type":"WebPage","@id":"https:\/\/coutellerie-gf.fr\/?page_id=199","url":"https:\/\/coutellerie-gf.fr\/?page_id=199","name":"Politique en mati\u00e8re de remboursements et de retours - Coutellerie GF","isPartOf":{"@id":"https:\/\/coutellerie-gf.fr\/#website"},"datePublished":"2024-02-06T13:33:09+00:00","dateModified":"2024-02-06T13:40:25+00:00","breadcrumb":{"@id":"https:\/\/coutellerie-gf.fr\/?page_id=199#breadcrumb"},"inLanguage":"fr-FR","potentialAction":[{"@type":"ReadAction","target":["https:\/\/coutellerie-gf.fr\/?page_id=199"]}]},{"@type":"BreadcrumbList","@id":"https:\/\/coutellerie-gf.fr\/?page_id=199#breadcrumb","itemListElement":[{"@type":"ListItem","position":1,"name":"Accueil","item":"https:\/\/coutellerie-gf.fr\/"},{"@type":"ListItem","position":2,"name":"Politique en mati\u00e8re de remboursements et de retours"}]},{"@type":"WebSite","@id":"https:\/\/coutellerie-gf.fr\/#website","url":"https:\/\/coutellerie-gf.fr\/","name":"Coutellerie GF","description":"Une passion, un art.","publisher":{"@id":"https:\/\/coutellerie-gf.fr\/#\/schema\/person\/40a403d38c280070e84efcfbcd82b920"},"potentialAction":[{"@type":"SearchAction","target":{"@type":"EntryPoint","urlTemplate":"https:\/\/coutellerie-gf.fr\/?s={search_term_string}"},"query-input":{"@type":"PropertyValueSpecification","valueRequired":true,"valueName":"search_term_string"}}],"inLanguage":"fr-FR"},{"@type":["Person","Organization"],"@id":"https:\/\/coutellerie-gf.fr\/#\/schema\/person\/40a403d38c280070e84efcfbcd82b920","name":"admin9981","image":{"@type":"ImageObject","inLanguage":"fr-FR","@id":"https:\/\/coutellerie-gf.fr\/wp-content\/uploads\/2022\/11\/cropped-cropped-titre.jpg","url":"https:\/\/coutellerie-gf.fr\/wp-content\/uploads\/2022\/11\/cropped-cropped-titre.jpg","contentUrl":"https:\/\/coutellerie-gf.fr\/wp-content\/uploads\/2022\/11\/cropped-cropped-titre.jpg","width":2000,"height":344,"caption":"admin9981"},"logo":{"@id":"https:\/\/coutellerie-gf.fr\/wp-content\/uploads\/2022\/11\/cropped-cropped-titre.jpg"},"sameAs":["http:\/\/coutellerie-gf.fr","https:\/\/www.facebook.com\/profile.php?id=100088180543665"]}]}},"jetpack_sharing_enabled":true,"_links":{"self":[{"href":"https:\/\/coutellerie-gf.fr\/index.php?rest_route=\/wp\/v2\/pages\/199","targetHints":{"allow":["GET"]}}],"collection":[{"href":"https:\/\/coutellerie-gf.fr\/index.php?rest_route=\/wp\/v2\/pages"}],"about":[{"href":"https:\/\/coutellerie-gf.fr\/index.php?rest_route=\/wp\/v2\/types\/page"}],"author":[{"embeddable":true,"href":"https:\/\/coutellerie-gf.fr\/index.php?rest_route=\/wp\/v2\/users\/1"}],"replies":[{"embeddable":true,"href":"https:\/\/coutellerie-gf.fr\/index.php?rest_route=%2Fwp%2Fv2%2Fcomments&post=199"}],"version-history":[{"count":2,"href":"https:\/\/coutellerie-gf.fr\/index.php?rest_route=\/wp\/v2\/pages\/199\/revisions"}],"predecessor-version":[{"id":5654,"href":"https:\/\/coutellerie-gf.fr\/index.php?rest_route=\/wp\/v2\/pages\/199\/revisions\/5654"}],"wp:attachment":[{"href":"https:\/\/coutellerie-gf.fr\/index.php?rest_route=%2Fwp%2Fv2%2Fmedia&parent=199"}],"curies":[{"name":"wp","href":"https:\/\/api.w.org\/{rel}","templated":true}]}}